{"id":11385,"date":"2023-12-26T20:32:33","date_gmt":"2023-12-26T23:32:33","guid":{"rendered":"https:\/\/marisaono.com\/delicia\/membership-login\/"},"modified":"2023-12-26T20:32:33","modified_gmt":"2023-12-26T23:32:33","slug":"membership-login","status":"publish","type":"page","link":"https:\/\/marisaono.com\/delicia\/membership-login\/","title":{"rendered":"Login"},"content":{"rendered":"<div class=\"translate_block\" style=\"display: none;\">\n<a class=\"translate_translate\" id=\"translate_button_post-11385\" lang=\"en\" xml:lang=\"en\" href=\"javascript:show_translate_popup('en', 'post', 11385);\">[Translate]<\/a><img src=\"https:\/\/marisaono.com\/delicia\/wp-content\/plugins\/google-ajax-translation\/transparent.gif\" id=\"translate_loading_post-11385\" class=\"translate_loading\" style=\"display: none;\" width=\"16\" height=\"16\" alt=\"\" \/>\n<hr class=\"translate_hr\" \/>\n<\/div>\n<div id=\"content_div-11385\">\n<div class=\"swpm-login-widget-form\">\r\n    <form id=\"swpm-login-form\" name=\"swpm-login-form\" method=\"post\" action=\"\">\r\n        <div class=\"swpm-login-form-inner\">\r\n            <div class=\"swpm-username-label\">\r\n                <label for=\"swpm_user_name\" class=\"swpm-label\">Username or Email<\/label>\r\n            <\/div>\r\n            <div class=\"swpm-username-input\">\r\n                <input type=\"text\" class=\"swpm-text-field swpm-username-field\" id=\"swpm_user_name\" value=\"\" size=\"25\" name=\"swpm_user_name\" \/>\r\n            <\/div>\r\n            <div class=\"swpm-password-label\">\r\n                <label for=\"swpm_password\" class=\"swpm-label\">Contra-senha<\/label>\r\n            <\/div>\r\n            <div class=\"swpm-password-input\">                \r\n                <input type=\"password\" class=\"swpm-text-field swpm-password-field\" id=\"swpm_password\" value=\"\" size=\"25\" name=\"swpm_password\" \/>                \r\n            <\/div>\r\n                            <div class=\"swpm-password-input-visibility\">                                        \r\n                    <span class=\"swpm-password-toggle-checkbox\"><input type=\"checkbox\" name=\"swpm-password-toggle-checkbox\" id=\"swpm-password-toggle-checkbox\" data-state=\"password-hidden\" > <\/span>\r\n                    <label for=\"swpm-password-toggle-checkbox\" class=\"swpm-password-toggle-checkbox-label\">\r\n                        <span class=\"swpm-password-toggle-label\"> Show password<\/span>\r\n                    <\/label>\r\n                <\/div>\r\n                        <div class=\"swpm-remember-me\">\r\n                <span class=\"swpm-remember-checkbox\"><input type=\"checkbox\" name=\"rememberme\" id=\"swpm-rememberme\"><\/span>\r\n                <label for=\"swpm-rememberme\" class=\"swpm-rememberme-label\">\r\n                    <span class=\"swpm-rember-label\"> Lembrar-me<\/span>\r\n                <\/label>\r\n            <\/div>\r\n\r\n            <div class=\"swpm-before-login-submit-section\"><\/div>\r\n\r\n            <div class=\"swpm-login-submit\">\r\n                <input type=\"submit\" class=\"swpm-login-form-submit\" name=\"swpm-login\" value=\"Log In\"\/>\r\n            <\/div>\r\n            <div class=\"swpm-forgot-pass-link\">\r\n                <a id=\"forgot_pass\" class=\"swpm-login-form-pw-reset-link\"  href=\"https:\/\/marisaono.com\/delicia\/password-reset\/\">Forgot Password?<\/a>\r\n            <\/div>\r\n            <div class=\"swpm-join-us-link\">\r\n                <a id=\"register\" class=\"swpm-login-form-register-link\" href=\"https:\/\/marisaono.com\/delicia\/membership-join\/\">Associe-se!<\/a>\r\n            <\/div>\r\n            <div class=\"swpm-login-action-msg\">\r\n                <span class=\"swpm-login-widget-action-msg\"><\/span>\r\n            <\/div>\r\n        <\/div>\r\n    <\/form>\r\n<\/div>\r\n\n<a href=\"https:\/\/www.freetellafriend.com\/tell\/?url=https%3A%2F%2Fmarisaono.com%2Fdelicia%2Fmembership-login%2F&title=Login\" onclick=\"window.open('https:\/\/www.freetellafriend.com\/tell\/?url=https%3A%2F%2Fmarisaono.com%2Fdelicia%2Fmembership-login%2F&title=Login', 'freetellafriend', 'scrollbars=1,menubar=0,width=617,height=530,resizable=1,toolbar=0,location=0,status=0,screenX=210,screenY=100,left=210,top=100'); return false;\" target=\"_blank\" title=\"Share This Post\"><img decoding=\"async\" src=\"http:\/\/marisaono.com\/delicia\/wp-content\/plugins\/tell-a-friend\/button.gif\" style=\"width:127px;height:16px;border:0px;\" alt=\"Share This Post\" title=\"Share This Post\" \/><\/a><\/div>\n","protected":false},"excerpt":{"rendered":"<p>[Translate]<\/p>\n","protected":false},"author":1,"featured_media":0,"parent":0,"menu_order":0,"comment_status":"closed","ping_status":"closed","template":"","meta":{"spay_email":"","footnotes":""},"jetpack_sharing_enabled":true,"jetpack_shortlink":"https:\/\/wp.me\/Pccs7-2XD","jetpack-related-posts":[{"id":11353,"url":"https:\/\/marisaono.com\/delicia\/login\/","url_meta":{"origin":11385,"position":0},"title":"Login","date":"Dezembro 14, 2023","format":false,"excerpt":"[ultimatemember form_id=\"\"]","rel":"","context":"Similar post","img":{"alt_text":"","src":"","width":0,"height":0},"classes":[]},{"id":11387,"url":"https:\/\/marisaono.com\/delicia\/membership-login\/membership-profile\/","url_meta":{"origin":11385,"position":1},"title":"Perfil","date":"Dezembro 26, 2023","format":false,"excerpt":"","rel":"","context":"Similar post","img":{"alt_text":"","src":"","width":0,"height":0},"classes":[]},{"id":11382,"url":"https:\/\/marisaono.com\/delicia\/membership-join\/","url_meta":{"origin":11385,"position":2},"title":"Contribua Com O Canal","date":"Dezembro 26, 2023","format":false,"excerpt":"Contribua com o meu canal no Youtube e tenha acesso \u00e0 v\u00eddeos com as seguintes receitas: Koshi-an (pasta doce de feij\u00e3o azuki peneirado Tsubu-an (pasta doce de feij\u00e3o azuki) Daifuku (bolinho de massa de arroz glutinoso recheado com anko) Gyuhi (massa de arroz glutinoso, m\u00e9todo tradicional) Ichigo Daifuku (bolinho de\u2026","rel":"","context":"Similar post","img":{"alt_text":"","src":"","width":0,"height":0},"classes":[]}],"_links":{"self":[{"href":"https:\/\/marisaono.com\/delicia\/wp-json\/wp\/v2\/pages\/11385"}],"collection":[{"href":"https:\/\/marisaono.com\/delicia\/wp-json\/wp\/v2\/pages"}],"about":[{"href":"https:\/\/marisaono.com\/delicia\/wp-json\/wp\/v2\/types\/page"}],"author":[{"embeddable":true,"href":"https:\/\/marisaono.com\/delicia\/wp-json\/wp\/v2\/users\/1"}],"replies":[{"embeddable":true,"href":"https:\/\/marisaono.com\/delicia\/wp-json\/wp\/v2\/comments?post=11385"}],"version-history":[{"count":0,"href":"https:\/\/marisaono.com\/delicia\/wp-json\/wp\/v2\/pages\/11385\/revisions"}],"wp:attachment":[{"href":"https:\/\/marisaono.com\/delicia\/wp-json\/wp\/v2\/media?parent=11385"}],"curies":[{"name":"wp","href":"https:\/\/api.w.org\/{rel}","templated":true}]}}