{"id":547,"date":"2008-07-26T07:22:12","date_gmt":"2008-07-26T10:22:12","guid":{"rendered":"http:\/\/marisaono.com\/delicia\/?page_id=547"},"modified":"2009-05-27T11:01:17","modified_gmt":"2009-05-27T14:01:17","slug":"sugestoes","status":"publish","type":"page","link":"https:\/\/marisaono.com\/delicia\/sugestoes\/","title":{"rendered":"Sugest\u00f5es"},"content":{"rendered":"<div class=\"translate_block\" style=\"display: none;\">\n<a class=\"translate_translate\" id=\"translate_button_post-547\" lang=\"en\" xml:lang=\"en\" href=\"javascript:show_translate_popup('en', 'post', 547);\">[Translate]<\/a><img src=\"https:\/\/marisaono.com\/delicia\/wp-content\/plugins\/google-ajax-translation\/transparent.gif\" id=\"translate_loading_post-547\" class=\"translate_loading\" style=\"display: none;\" width=\"16\" height=\"16\" alt=\"\" \/>\n<hr class=\"translate_hr\" \/>\n<\/div>\n<div id=\"content_div-547\">\n<p>Gostaria de ver alguma receita publicada? Tem alguma d\u00favida sobre ingredientes e t\u00e9cnicas? Escreva-me!<br \/>\n<script type=\"text\/javascript\"><!--\nfunction checkEmail (strng) {\n\tvar flagError = false;\n\tvar error=\"\";<\/div>\n\n\n\n\n<div  mce_tmp=\"1\">\tif (strng == \"\") {\n\t\terror = \"O endere\u00e7o de e-mail deve ser preenchido.\";\n\t\tflagError = true;\n\t}<\/div>\n\n\n\n\n<div  mce_tmp=\"1\">\tif (!flagError) {\n\t\tvar illegalChars = \/(@.*@)|(@\\.)|(@\\-)|(@_)(\\.@)|(\\-@)|(\\.\\.)|(^\\.)|(\\.$)|(\\.\\-)|(\\._)|(\\-\\.)|(_\\.)|(^_)|(_$)|(_\\-)|(\\-\\-)|(^\\-)|(\\-$)|(\\-_)\/;\n\t\tif (strng.match(illegalChars)) {\n\t\t\terror = \"O endere\u00e7o de e-mail cont\u00e9m caracteres inv\u00e1lidos.\";\n\t\t\tflagError = true;\n\t\t}\n\t}<\/div>\n\n\n\n\n<div  mce_tmp=\"1\">\tif (!flagError) {\n\t\tvar emailFilter = \/^\\S+\\@(\\[?)[a-zA-Z0-9_\\-\\.]+\\.([a-zA-Z]{2,4}|[0-9]{1,3})(\\]?)$\/;\n\t\tif (!(emailFilter.test(strng))) {\n\t\t\terror = \"O endere\u00e7o de e-mail n\u00e3o est\u00e1 em um formato v\u00e1lido.\";\n\t\t\tflagError = true;\n\t\t}\n\t}<\/div>\n\n\n\n\n<div  mce_tmp=\"1\">\tif (!flagError) {\n\t\tvar emailFilter = \/^([a-zA-Z0-9\\@_\\-\\.\\+]+)$\/;\n\t\tif (!(emailFilter.test(strng))) {\n\t\t\terror = \"O endere\u00e7o de e-mail n\u00e3o est\u00e1 em um formato v\u00e1lido.\";\n\t\t\tflagError = true;\n\t\t}\n\t}<\/div>\n\n\n\n\n<div  mce_tmp=\"1\">\tif (flagError) {\n\t\twindow.alert(error);\n\t}<\/div>\n\n\n\n\n<div  mce_tmp=\"1\">\treturn !flagError;\n}\n\/\/ --><\/script><\/p>\n<p><!-- ATEN\u00c7\u00c3O: O PAR\u00c2METRO 'METHOD' NECESSARIAMENTE DEVE TER O VALOR 'post'. --><br \/>\n<!-- ATEN\u00c7\u00c3O: O PAR\u00c2METRO 'ACTION' NECESSARIAMENTE DEVE TER O VALOR 'http:\/\/www18.locaweb.com.br\/scripts\/FormMail.pl'. --><\/p>\n<form action=\"http:\/\/www18.locaweb.com.br\/scripts\/FormMail.pl\" enctype=\"application\/x-www-form-urlencoded\" method=\"post\"><!-- ATEN\u00c7\u00c3O: ESTA TAG 'INPUT' \u00c9 OBRIGAT\u00d3RIA. --><br \/>\n<!-- ATEN\u00c7\u00c3O: O PAR\u00c2METRO 'TYPE' NECESSARIAMENTE DEVE TER O VALOR 'HIDDEN'. --><br \/>\n<!-- ATEN\u00c7\u00c3O: O PAR\u00c2METRO 'NAME' NECESSARIAMENTE DEVE TER O VALOR 'recipient'. --><input name=\"recipient\" type=\"hidden\" value=\"marisaono@gmail.com\" \/> <!-- ATEN\u00c7\u00c3O: ESTA TAG 'INPUT' \u00c9 OBRIGAT\u00d3RIA. --><br \/>\n<!-- ATEN\u00c7\u00c3O: O PAR\u00c2METRO 'TYPE' NECESSARIAMENTE DEVE TER O VALOR 'HIDDEN'. --><br \/>\n<!-- ATEN\u00c7\u00c3O: O PAR\u00c2METRO 'NAME' NECESSARIAMENTE DEVE TER O VALOR 'redirect'. --><input name=\"redirect\" type=\"hidden\" value=\"http:\/\/marisaono.com\/delicia\/?page_id=547\" \/> <!-- ATEN\u00c7\u00c3O: ESTA TAG 'INPUT' \u00c9 OBRIGAT\u00d3RIA. --><br \/>\n<!-- ATEN\u00c7\u00c3O: O PAR\u00c2METRO 'TYPE' NECESSARIAMENTE DEVE TER O VALOR 'HIDDEN'. --><br \/>\n<!-- ATEN\u00c7\u00c3O: O PAR\u00c2METRO 'NAME' NECESSARIAMENTE DEVE TER O VALOR 'subject'. --><input name=\"subject\" type=\"hidden\" value=\"Sugest\u00f5es\" \/><\/p>\n<table border=\"1\" width=\"80%\">\n<tbody>\n<tr>\n<td width=\"25%\" height=\"19\">Nome:<\/td>\n<td width=\"75%\" height=\"19\"><input name=\"nome\" type=\"text\" \/><\/td>\n<\/tr>\n<tr>\n<td width=\"25%\" height=\"19\">E-mail:<\/td>\n<td width=\"75%\" height=\"19\"><!-- ATEN\u00c7\u00c3O: ESTA TAG 'INPUT' \u00c9 OBRIGAT\u00d3RIA. --><br \/>\n<!-- ATEN\u00c7\u00c3O: O PAR\u00c2METRO 'TYPE' NECESSARIAMENTE DEVE TER O VALOR 'text'. --><br \/>\n<!-- ATEN\u00c7\u00c3O: O PAR\u00c2METRO 'NAME' NECESSARIAMENTE DEVE TER O VALOR 'email'. --><input id=\"email\" name=\"email\" type=\"text\" \/><\/td>\n<\/tr>\n<tr>\n<td width=\"25%\" height=\"40\">Comentarios:<\/td>\n<td width=\"75%\" height=\"40\"><textarea name=\"comentarios\"><\/textarea><\/td>\n<\/tr>\n<tr>\n<td width=\"25%\" height=\"55\">\u00a0<\/td>\n<td width=\"75%\" height=\"55\"><!-- ATEN\u00c7\u00c3O: SE QUISER QUE SEU FORMUL\u00c1RIO POSSUA VERIFICA\u00c7\u00c3O DE E-MAIL, APAGUE A LINHA ABAIXO E RETIRE O COMENT\u00c1RIO DA LINHA SEGUINTE. --><input onclick=\"javascript: var submit = checkEmail(getElementById('email').value); return submit;\" name=\"Submit\" type=\"submit\" value=\"Enviar\" \/> <input name=\"Reset\" type=\"reset\" value=\"Limpar\" \/><\/td>\n<\/tr>\n<\/tbody>\n<\/table>\n<\/form>\n<a href=\"https:\/\/www.freetellafriend.com\/tell\/?url=https%3A%2F%2Fmarisaono.com%2Fdelicia%2Fsugestoes%2F&title=Sugest%C3%B5es\" onclick=\"window.open('https:\/\/www.freetellafriend.com\/tell\/?url=https%3A%2F%2Fmarisaono.com%2Fdelicia%2Fsugestoes%2F&title=Sugest%C3%B5es', 'freetellafriend', 'scrollbars=1,menubar=0,width=617,height=530,resizable=1,toolbar=0,location=0,status=0,screenX=210,screenY=100,left=210,top=100'); return false;\" target=\"_blank\" title=\"Share This Post\"><img decoding=\"async\" src=\"http:\/\/marisaono.com\/delicia\/wp-content\/plugins\/tell-a-friend\/button.gif\" style=\"width:127px;height:16px;border:0px;\" alt=\"Share This Post\" title=\"Share This Post\" \/><\/a><\/div>\n","protected":false},"excerpt":{"rendered":"<p>[Translate] Gostaria de ver alguma receita publicada? Tem alguma d\u00favida sobre ingredientes e t\u00e9cnicas? Escreva-me! Nome: E-mail: Comentarios: \u00a0<\/p>\n","protected":false},"author":1,"featured_media":0,"parent":0,"menu_order":0,"comment_status":"open","ping_status":"open","template":"","meta":{"spay_email":"","footnotes":""},"jetpack_sharing_enabled":true,"jetpack_shortlink":"https:\/\/wp.me\/Pccs7-8P","jetpack-related-posts":[{"id":687,"url":"https:\/\/marisaono.com\/delicia\/politica-de-privacidade\/","url_meta":{"origin":547,"position":0},"title":"Pol\u00edtica de Privacidade","date":"Mar\u00e7o 20, 2009","format":false,"excerpt":"Referente a an\u00fancios: Este blog exibe an\u00fancios do Google baseado em interesses do visitante. As informa\u00e7\u00f5es abaixo s\u00e3o do pr\u00f3prio Google: O Google, como fornecedor de terceiros, utiliza cookies para exibir an\u00fancios no seu site. Com o cookie DART, o Google pode exibir an\u00fancios para seus usu\u00e1rios com base nas\u2026","rel":"","context":"Similar post","img":{"alt_text":"","src":"","width":0,"height":0},"classes":[]},{"id":11382,"url":"https:\/\/marisaono.com\/delicia\/membership-join\/","url_meta":{"origin":547,"position":1},"title":"Contribua Com O Canal","date":"Dezembro 26, 2023","format":false,"excerpt":"Contribua com o meu canal no Youtube e tenha acesso \u00e0 v\u00eddeos com as seguintes receitas: Koshi-an (pasta doce de feij\u00e3o azuki peneirado Tsubu-an (pasta doce de feij\u00e3o azuki) Daifuku (bolinho de massa de arroz glutinoso recheado com anko) Gyuhi (massa de arroz glutinoso, m\u00e9todo tradicional) Ichigo Daifuku (bolinho de\u2026","rel":"","context":"Similar post","img":{"alt_text":"","src":"","width":0,"height":0},"classes":[]},{"id":2,"url":"https:\/\/marisaono.com\/delicia\/about\/","url_meta":{"origin":547,"position":2},"title":"About","date":"Fevereiro 14, 2008","format":false,"excerpt":"Meu nome \u00e9 Marisa Tiemi Ono, tenho 55 anos. Nasci em Itagua\u00ed (Rio de Janeiro) mas, como vivi dos 3 meses de idade aos nove na Cidade Maravilhosa, digo que sou carioca. Cozinho desde os oito anos de idade, ent\u00e3o sou uma cozinheira. Mas tamb\u00e9m fui desenhista arquitet\u00f4nica, banc\u00e1ria, trabalhei\u2026","rel":"","context":"With 11 comments","img":{"alt_text":"","src":"","width":0,"height":0},"classes":[]}],"_links":{"self":[{"href":"https:\/\/marisaono.com\/delicia\/wp-json\/wp\/v2\/pages\/547"}],"collection":[{"href":"https:\/\/marisaono.com\/delicia\/wp-json\/wp\/v2\/pages"}],"about":[{"href":"https:\/\/marisaono.com\/delicia\/wp-json\/wp\/v2\/types\/page"}],"author":[{"embeddable":true,"href":"https:\/\/marisaono.com\/delicia\/wp-json\/wp\/v2\/users\/1"}],"replies":[{"embeddable":true,"href":"https:\/\/marisaono.com\/delicia\/wp-json\/wp\/v2\/comments?post=547"}],"version-history":[{"count":2,"href":"https:\/\/marisaono.com\/delicia\/wp-json\/wp\/v2\/pages\/547\/revisions"}],"predecessor-version":[{"id":1001,"href":"https:\/\/marisaono.com\/delicia\/wp-json\/wp\/v2\/pages\/547\/revisions\/1001"}],"wp:attachment":[{"href":"https:\/\/marisaono.com\/delicia\/wp-json\/wp\/v2\/media?parent=547"}],"curies":[{"name":"wp","href":"https:\/\/api.w.org\/{rel}","templated":true}]}}